{"id":1421,"date":"2023-09-05T20:30:41","date_gmt":"2023-09-05T18:30:41","guid":{"rendered":"https:\/\/platz1.at\/?page_id=1421"},"modified":"2023-12-02T19:35:17","modified_gmt":"2023-12-02T18:35:17","slug":"datenschutzerklaerung","status":"publish","type":"page","link":"https:\/\/platz1.at\/en\/datenschutzerklaerung","title":{"rendered":"Datenschutzerkl\u00e4rung"},"content":{"rendered":"<div data-elementor-type=\"wp-page\" data-elementor-id=\"1421\" class=\"elementor elementor-1421\">\n\t\t\t\t\t\t<section class=\"elementor-section elementor-top-section elementor-element elementor-element-4c11012 elementor-section-boxed elementor-section-height-default elementor-section-height-default\" data-id=\"4c11012\" data-element_type=\"section\" data-e-type=\"section\" data-settings=\"{&quot;background_background&quot;:&quot;classic&quot;}\">\n\t\t\t\t\t\t<div class=\"elementor-container elementor-column-gap-default\">\n\t\t\t\t\t<div class=\"elementor-column elementor-col-50 elementor-top-column elementor-element elementor-element-c313818 animated-fast elementor-invisible\" data-id=\"c313818\" data-element_type=\"column\" data-e-type=\"column\" data-settings=\"{&quot;animation&quot;:&quot;fadeInUp&quot;}\">\n\t\t\t<div class=\"elementor-widget-wrap elementor-element-populated\">\n\t\t\t\t\t\t<div class=\"elementor-element elementor-element-c5d7169 elementor-widget__width-initial elementor-widget-tablet__width-initial elementor-absolute elementor-widget elementor-widget-image\" data-id=\"c5d7169\" data-element_type=\"widget\" data-e-type=\"widget\" data-settings=\"{&quot;_position&quot;:&quot;absolute&quot;}\" data-widget_type=\"image.default\">\n\t\t\t\t<div class=\"elementor-widget-container\">\n\t\t\t\t\t\t\t\t\t\t\t\t\t\t\t<img fetchpriority=\"high\" decoding=\"async\" width=\"800\" height=\"800\" src=\"https:\/\/platz1.at\/wp-content\/uploads\/2023\/04\/Group-920-1024x1024.png\" class=\"attachment-large size-large wp-image-245\" alt=\"\" srcset=\"https:\/\/platz1.at\/wp-content\/uploads\/2023\/04\/Group-920-1024x1024.png 1024w, https:\/\/platz1.at\/wp-content\/uploads\/2023\/04\/Group-920-300x300.png 300w, https:\/\/platz1.at\/wp-content\/uploads\/2023\/04\/Group-920-150x150.png 150w, https:\/\/platz1.at\/wp-content\/uploads\/2023\/04\/Group-920-768x768.png 768w, https:\/\/platz1.at\/wp-content\/uploads\/2023\/04\/Group-920.png 1042w\" sizes=\"(max-width: 800px) 100vw, 800px\" \/>\t\t\t\t\t\t\t\t\t\t\t\t\t\t\t<\/div>\n\t\t\t\t<\/div>\n\t\t\t\t<div class=\"elementor-element elementor-element-5cd43ab elementor-widget elementor-widget-page-title\" data-id=\"5cd43ab\" data-element_type=\"widget\" data-e-type=\"widget\" data-widget_type=\"page-title.default\">\n\t\t\t\t<div class=\"elementor-widget-container\">\n\t\t\t\t\t\t\t\n\t\t<div class=\"hfe-page-title hfe-page-title-wrapper elementor-widget-heading\">\n\n\t\t\t\t\t\t\t\t\t\t\t<a href=\"https:\/\/platz1.at\/en\">\n\t\t\t\t\t\t<h2 class=\"elementor-heading-title elementor-size-default\">\n\t\t\t\t\t\t\t\t\n\t\t\t\tDatenschutzerkl\u00e4rung  \n\t\t\t<\/h2> \n\t\t\t\t\t\t\t\t\t<\/a>\n\t\t\t\t\t<\/div>\n\t\t\t\t\t\t<\/div>\n\t\t\t\t<\/div>\n\t\t\t\t<div class=\"elementor-element elementor-element-3602f55 elementor-widget-tablet__width-initial elementor-widget elementor-widget-jkit_heading\" data-id=\"3602f55\" data-element_type=\"widget\" data-e-type=\"widget\" data-widget_type=\"jkit_heading.default\">\n\t\t\t\t<div class=\"elementor-widget-container\">\n\t\t\t\t\t<div  class=\"jeg-elementor-kit jkit-heading  align- align-tablet- align-mobile- jeg_module___69f2724d9baa7\" ><div class=\"heading-section-title  display-inline-block\"><h2 class=\"heading-title\">Datenschutzerkl\u00e4rung von  Platz1<\/h2><\/div><div class=\"heading-section-description\"><\/div><\/div>\t\t\t\t<\/div>\n\t\t\t\t<\/div>\n\t\t\t\t\t<\/div>\n\t\t<\/div>\n\t\t\t\t<div class=\"elementor-column elementor-col-50 elementor-top-column elementor-element elementor-element-69617c0\" data-id=\"69617c0\" data-element_type=\"column\" data-e-type=\"column\">\n\t\t\t<div class=\"elementor-widget-wrap elementor-element-populated\">\n\t\t\t\t\t\t<div class=\"elementor-element elementor-element-0bd8e6a elementor-widget__width-initial elementor-absolute elementor-widget-tablet__width-initial elementor-widget-mobile__width-initial animated-fast elementor-hidden-mobile elementor-invisible elementor-widget elementor-widget-image\" data-id=\"0bd8e6a\" data-element_type=\"widget\" data-e-type=\"widget\" data-settings=\"{&quot;_position&quot;:&quot;absolute&quot;,&quot;_animation&quot;:&quot;rollIn&quot;}\" data-widget_type=\"image.default\">\n\t\t\t\t<div class=\"elementor-widget-container\">\n\t\t\t\t\t\t\t\t\t\t\t\t\t\t\t<img decoding=\"async\" width=\"225\" height=\"81\" src=\"https:\/\/platz1.at\/wp-content\/uploads\/2023\/04\/Vector-1.png\" class=\"attachment-large size-large wp-image-261\" alt=\"\" \/>\t\t\t\t\t\t\t\t\t\t\t\t\t\t\t<\/div>\n\t\t\t\t<\/div>\n\t\t\t\t<div class=\"elementor-element elementor-element-9f6acdf elementor-widget__width-initial elementor-absolute elementor-widget-tablet__width-initial elementor-widget-mobile__width-initial animated-fast elementor-invisible elementor-widget elementor-widget-image\" data-id=\"9f6acdf\" data-element_type=\"widget\" data-e-type=\"widget\" data-settings=\"{&quot;_position&quot;:&quot;absolute&quot;,&quot;_animation&quot;:&quot;pulse&quot;}\" data-widget_type=\"image.default\">\n\t\t\t\t<div class=\"elementor-widget-container\">\n\t\t\t\t\t\t\t\t\t\t\t\t\t\t\t<img decoding=\"async\" width=\"228\" height=\"65\" src=\"https:\/\/platz1.at\/wp-content\/uploads\/2023\/04\/Vector3.png\" class=\"attachment-large size-large wp-image-527\" alt=\"\" \/>\t\t\t\t\t\t\t\t\t\t\t\t\t\t\t<\/div>\n\t\t\t\t<\/div>\n\t\t\t\t\t<\/div>\n\t\t<\/div>\n\t\t\t\t\t<\/div>\n\t\t<\/section>\n\t\t\t\t<section class=\"elementor-section elementor-top-section elementor-element elementor-element-9067c0d elementor-section-boxed elementor-section-height-default elementor-section-height-default\" data-id=\"9067c0d\" data-element_type=\"section\" data-e-type=\"section\">\n\t\t\t\t\t\t<div class=\"elementor-container elementor-column-gap-default\">\n\t\t\t\t\t<div class=\"elementor-column elementor-col-100 elementor-top-column elementor-element elementor-element-407a6cd\" data-id=\"407a6cd\" data-element_type=\"column\" data-e-type=\"column\">\n\t\t\t<div class=\"elementor-widget-wrap elementor-element-populated\">\n\t\t\t\t\t\t<div class=\"elementor-element elementor-element-690d013 elementor-widget elementor-widget-spacer\" data-id=\"690d013\" data-element_type=\"widget\" data-e-type=\"widget\" data-widget_type=\"spacer.default\">\n\t\t\t\t<div class=\"elementor-widget-container\">\n\t\t\t\t\t\t\t<div class=\"elementor-spacer\">\n\t\t\t<div class=\"elementor-spacer-inner\"><\/div>\n\t\t<\/div>\n\t\t\t\t\t\t<\/div>\n\t\t\t\t<\/div>\n\t\t\t\t<div class=\"elementor-element elementor-element-16dbdd6 elementor-widget elementor-widget-elementskit-heading\" data-id=\"16dbdd6\" data-element_type=\"widget\" data-e-type=\"widget\" data-widget_type=\"elementskit-heading.default\">\n\t\t\t\t<div class=\"elementor-widget-container\">\n\t\t\t\t\t<div class=\"ekit-wid-con\" ><div class=\"ekit-heading elementskit-section-title-wraper    ekit_heading_tablet-   ekit_heading_mobile-\"><h2 class=\"ekit-heading--title elementskit-section-title\">Einleitung<\/h2>\t\t\t\t<div class='ekit-heading__description'>\n\t\t\t\t\t<p>Herzlich willkommen bei [Ihr Platz1! Wir legen gro\u00dfen Wert auf den Schutz Ihrer personenbezogenen Daten und die Einhaltung der geltenden Datenschutzbestimmungen. Diese Datenschutzerkl\u00e4rung soll Ihnen transparent aufzeigen, wie wir Ihre Daten erfassen, verwenden, speichern und sch\u00fctzen. Als Unternehmen mit Sitz in \u00d6sterreich verpflichten wir uns zur Einhaltung der \u00f6sterreichischen Datenschutzgesetze, einschlie\u00dflich der Datenschutz-Grundverordnung (DSGVO) und des Datenschutzgesetzes (DSG), um sicherzustellen, dass Ihre Privatsph\u00e4re respektiert und Ihre Daten angemessen behandelt werden.<\/p>\n<p>Bitte nehmen Sie sich einen Moment Zeit, um diese Datenschutzerkl\u00e4rung sorgf\u00e4ltig zu lesen. Sie enth\u00e4lt wichtige Informationen dar\u00fcber, welche Daten wir von Ihnen erfassen, zu welchen Zwecken wir sie verwenden und wie Sie Ihre Datenschutzrechte aus\u00fcben k\u00f6nnen. Wenn Sie Fragen oder Anliegen zur Verarbeitung Ihrer Daten haben, z\u00f6gern Sie nicht, sich an uns zu wenden. Ihre Datenschutzanliegen sind uns wichtig, und wir werden unser Bestes tun, um sie zu kl\u00e4ren.<\/p>\n<p>Durch die Nutzung unserer Dienstleistungen und die Bereitstellung Ihrer personenbezogenen Daten erkl\u00e4ren Sie sich mit den in dieser Datenschutzerkl\u00e4rung beschriebenen Praktiken einverstanden. Wir k\u00f6nnen diese Datenschutzerkl\u00e4rung von Zeit zu Zeit aktualisieren, um \u00c4nderungen in unseren Datenschutzpraktiken oder aufgrund gesetzlicher Anforderungen widerzuspiegeln. Wir empfehlen Ihnen daher, diese Datenschutzerkl\u00e4rung regelm\u00e4\u00dfig zu \u00fcberpr\u00fcfen, um auf dem Laufenden zu bleiben.<\/p>\n\t\t\t\t<\/div>\n\t\t\t<\/div><\/div>\t\t\t\t<\/div>\n\t\t\t\t<\/div>\n\t\t\t\t<div class=\"elementor-element elementor-element-77aa7d2 elementor-widget elementor-widget-elementskit-heading\" data-id=\"77aa7d2\" data-element_type=\"widget\" data-e-type=\"widget\" data-widget_type=\"elementskit-heading.default\">\n\t\t\t\t<div class=\"elementor-widget-container\">\n\t\t\t\t\t<div class=\"ekit-wid-con\" ><div class=\"ekit-heading elementskit-section-title-wraper    ekit_heading_tablet-   ekit_heading_mobile-\"><h2 class=\"ekit-heading--title elementskit-section-title\">Hosting<\/h2>\t\t\t\t<div class='ekit-heading__description'>\n\t\t\t\t\t<p>Diese Webseite wird in Deutschland bei Lima City \/ Traffic Plex GmbH, ans\u00e4ssig in der Konsul-Smidt-Stra\u00dfe 90, 28217 Bremen, gehostet. Wir haben mit diesem Anbieter einen Vertrag zur Auftragsdatenverarbeitung abgeschlossen, um sicherzustellen, dass s\u00e4mtliche Daten gem\u00e4\u00df allen geltenden Gesetzen behandelt werden.<\/p>\n\t\t\t\t<\/div>\n\t\t\t<\/div><\/div>\t\t\t\t<\/div>\n\t\t\t\t<\/div>\n\t\t\t\t<div class=\"elementor-element elementor-element-7059bde elementor-widget elementor-widget-elementskit-heading\" data-id=\"7059bde\" data-element_type=\"widget\" data-e-type=\"widget\" data-widget_type=\"elementskit-heading.default\">\n\t\t\t\t<div class=\"elementor-widget-container\">\n\t\t\t\t\t<div class=\"ekit-wid-con\" ><div class=\"ekit-heading elementskit-section-title-wraper    ekit_heading_tablet-   ekit_heading_mobile-\"><h2 class=\"ekit-heading--title elementskit-section-title\">Kontakformular<\/h2>\t\t\t\t<div class='ekit-heading__description'>\n\t\t\t\t\t<p>Wenn Sie unser Kontaktformular verwenden, um uns eine Nachricht zu senden, erfassen wir die von Ihnen eingegebenen Informationen, um Ihre Anfrage zu bearbeiten und zu beantworten. Diese Informationen k\u00f6nnen Ihren Namen, Ihre E-Mail-Adresse, Ihre Telefonnummer und andere relevante Kontaktangaben umfassen.<\/p>\n<p>Wir verwenden diese Informationen ausschlie\u00dflich zur Kommunikation mit Ihnen und zur Bearbeitung Ihrer Anfrage. Ihre Daten werden nicht f\u00fcr andere Zwecke verwendet oder an Dritte weitergegeben, es sei denn, dies ist gesetzlich vorgeschrieben oder f\u00fcr die Durchf\u00fchrung unserer Dienstleistungen erforderlich.<\/p>\n<p>Wir speichern Ihre Anfragen und die damit verbundenen Daten f\u00fcr einen angemessenen Zeitraum, um Ihren Anfragen nachzukommen und m\u00f6gliche Folgefragen zu kl\u00e4ren. Nach Abschluss Ihrer Anfrage oder wenn Sie die L\u00f6schung Ihrer Daten w\u00fcnschen, werden wir Ihre Informationen gem\u00e4\u00df den geltenden Datenschutzbestimmungen l\u00f6schen oder anonymisieren.<\/p>\n<p>Bitte beachten Sie, dass die \u00dcbertragung von Informationen \u00fcber das Internet Sicherheitsrisiken bergen kann. Obwohl wir angemessene Ma\u00dfnahmen zum Schutz Ihrer Daten ergreifen, k\u00f6nnen wir die Sicherheit Ihrer \u00fcber das Kontaktformular \u00fcbermittelten Informationen nicht vollst\u00e4ndig gew\u00e4hrleisten. Wir empfehlen Ihnen daher, keine sensiblen oder vertraulichen Informationen \u00fcber das Kontaktformular zu \u00fcbermitteln und stattdessen alternative Kommunikationsmittel zu verwenden, wenn Sie Bedenken hinsichtlich der Sicherheit haben.<\/p>\n\t\t\t\t<\/div>\n\t\t\t<\/div><\/div>\t\t\t\t<\/div>\n\t\t\t\t<\/div>\n\t\t\t\t<div class=\"elementor-element elementor-element-0669e08 elementor-widget elementor-widget-elementskit-heading\" data-id=\"0669e08\" data-element_type=\"widget\" data-e-type=\"widget\" data-widget_type=\"elementskit-heading.default\">\n\t\t\t\t<div class=\"elementor-widget-container\">\n\t\t\t\t\t<div class=\"ekit-wid-con\" ><div class=\"ekit-heading elementskit-section-title-wraper    ekit_heading_tablet-   ekit_heading_mobile-\"><h2 class=\"ekit-heading--title elementskit-section-title\">Cookies<\/h2>\t\t\t\t<div class='ekit-heading__description'>\n\t\t\t\t\t<p>Unsere Website verwendet ausschlie\u00dflich technisch notwendige Cookies, um Ihnen ein optimales Nutzungserlebnis zu bieten. Cookies sind kleine Textdateien, die auf Ihrem Ger\u00e4t gespeichert werden und verschiedene Informationen speichern k\u00f6nnen, um die Funktionalit\u00e4t und Leistung unserer Website zu verbessern.<\/p>\n<p>Wir m\u00f6chten betonen, dass wir keine Tracking-Cookies oder andere nicht technisch notwendige Cookies einsetzen, die Ihr Verhalten im Internet verfolgen oder pers\u00f6nliche Informationen ohne Ihre Zustimmung sammeln. Die von uns verwendeten Cookies sind ausschlie\u00dflich darauf ausgerichtet, grundlegende Funktionen unserer Website sicherzustellen, wie beispielsweise die Speicherung Ihrer Einstellungen oder die Gew\u00e4hrleistung der Sicherheit unserer Website.<\/p>\n<p>Da es sich ausschlie\u00dflich um technisch notwendige Cookies handelt, ben\u00f6tigen wir keine explizite Zustimmung zur Verwendung von Cookies. Sie haben jedoch weiterhin die M\u00f6glichkeit, Cookies in Ihren Browsereinstellungen zu deaktivieren oder zu l\u00f6schen. Bitte beachten Sie, dass das Deaktivieren von Cookies die Funktionalit\u00e4t unserer Website beeintr\u00e4chtigen kann.<\/p>\n\t\t\t\t<\/div>\n\t\t\t<\/div><\/div>\t\t\t\t<\/div>\n\t\t\t\t<\/div>\n\t\t\t\t<div class=\"elementor-element elementor-element-2beeeba elementor-widget elementor-widget-spacer\" data-id=\"2beeeba\" data-element_type=\"widget\" data-e-type=\"widget\" data-widget_type=\"spacer.default\">\n\t\t\t\t<div class=\"elementor-widget-container\">\n\t\t\t\t\t\t\t<div class=\"elementor-spacer\">\n\t\t\t<div class=\"elementor-spacer-inner\"><\/div>\n\t\t<\/div>\n\t\t\t\t\t\t<\/div>\n\t\t\t\t<\/div>\n\t\t\t\t\t<\/div>\n\t\t<\/div>\n\t\t\t\t\t<\/div>\n\t\t<\/section>\n\t\t\t\t<\/div>","protected":false},"excerpt":{"rendered":"<p>datenschutzerkl\u00e4rung Datenschutzerkl\u00e4rung von Platz1 Einleitung Herzlich willkommen bei [Ihr Platz1! Wir legen gro\u00dfen Wert auf den Schutz Ihrer personenbezogenen Daten und die Einhaltung der geltenden Datenschutzbestimmungen. Diese Datenschutzerkl\u00e4rung soll Ihnen transparent aufzeigen, wie wir Ihre Daten erfassen, verwenden, speichern und sch\u00fctzen. Als Unternehmen mit Sitz in \u00d6sterreich verpflichten wir uns zur Einhaltung der \u00f6sterreichischen Datenschutzgesetze, [&hellip;]<\/p>\n","protected":false},"author":1,"featured_media":0,"parent":0,"menu_order":0,"comment_status":"closed","ping_status":"closed","template":"","meta":{"footnotes":""},"class_list":["post-1421","page","type-page","status-publish","hentry"],"_links":{"self":[{"href":"https:\/\/platz1.at\/en\/wp-json\/wp\/v2\/pages\/1421","targetHints":{"allow":["GET"]}}],"collection":[{"href":"https:\/\/platz1.at\/en\/wp-json\/wp\/v2\/pages"}],"about":[{"href":"https:\/\/platz1.at\/en\/wp-json\/wp\/v2\/types\/page"}],"author":[{"embeddable":true,"href":"https:\/\/platz1.at\/en\/wp-json\/wp\/v2\/users\/1"}],"replies":[{"embeddable":true,"href":"https:\/\/platz1.at\/en\/wp-json\/wp\/v2\/comments?post=1421"}],"version-history":[{"count":12,"href":"https:\/\/platz1.at\/en\/wp-json\/wp\/v2\/pages\/1421\/revisions"}],"predecessor-version":[{"id":2090,"href":"https:\/\/platz1.at\/en\/wp-json\/wp\/v2\/pages\/1421\/revisions\/2090"}],"wp:attachment":[{"href":"https:\/\/platz1.at\/en\/wp-json\/wp\/v2\/media?parent=1421"}],"curies":[{"name":"wp","href":"https:\/\/api.w.org\/{rel}","templated":true}]}}